{"id":3176,"date":"2019-04-11T05:56:52","date_gmt":"2019-04-11T05:56:52","guid":{"rendered":"http:\/\/itpchamburg.de\/?page_id=3176"},"modified":"2019-04-11T05:56:52","modified_gmt":"2019-04-11T05:56:52","slug":"impressum","status":"publish","type":"page","link":"https:\/\/itpchamburg.de\/index.php\/impressum\/","title":{"rendered":"IMPRESSUM"},"content":{"rendered":"<div id='av_section_1'  class='avia-section av-98s3nu-84916af6588022a6ad12e93ebec040d5 main_color avia-section-large avia-no-border-styling  avia-builder-el-0  avia-builder-el-no-sibling  avia-bg-style-scroll container_wrap fullsize'  ><div class='container av-section-cont-open' ><main  role=\"main\" itemprop=\"mainContentOfPage\"  class='template-page content  av-content-full alpha units'><div class='post-entry post-entry-type-page post-entry-3176'><div class='entry-content-wrapper clearfix'>\n\n<style type=\"text\/css\" data-created_by=\"avia_inline_auto\" id=\"style-css-av-juc8c16f-b36e3cad741449bd6d850c122bda3018\">\n#top .av-special-heading.av-juc8c16f-b36e3cad741449bd6d850c122bda3018{\npadding-bottom:20px;\nfont-size:40px;\n}\nbody .av-special-heading.av-juc8c16f-b36e3cad741449bd6d850c122bda3018 .av-special-heading-tag .heading-char{\nfont-size:25px;\n}\n#top #wrap_all .av-special-heading.av-juc8c16f-b36e3cad741449bd6d850c122bda3018 .av-special-heading-tag{\nfont-size:40px;\n}\n.av-special-heading.av-juc8c16f-b36e3cad741449bd6d850c122bda3018 .av-subheading{\nfont-size:15px;\n}\n\n@media only screen and (min-width: 480px) and (max-width: 767px){ \n#top #wrap_all .av-special-heading.av-juc8c16f-b36e3cad741449bd6d850c122bda3018 .av-special-heading-tag{\nfont-size:0.8em;\n}\n}\n\n@media only screen and (max-width: 479px){ \n#top #wrap_all .av-special-heading.av-juc8c16f-b36e3cad741449bd6d850c122bda3018 .av-special-heading-tag{\nfont-size:0.8em;\n}\n}\n<\/style>\n<div  class='av-special-heading av-juc8c16f-b36e3cad741449bd6d850c122bda3018 av-special-heading-h2 blockquote modern-quote  avia-builder-el-1  el_before_av_hr  avia-builder-el-first  av-inherit-size'><h2 class='av-special-heading-tag '  itemprop=\"headline\"  >IMPRESSUM<\/h2><div class=\"special-heading-border\"><div class=\"special-heading-inner-border\"><\/div><\/div><\/div>\n\n<style type=\"text\/css\" data-created_by=\"avia_inline_auto\" id=\"style-css-av-8vp3n6-0fecc881dea3cfe61ddb5f8372614778\">\n#top .hr.av-8vp3n6-0fecc881dea3cfe61ddb5f8372614778{\nmargin-top:10px;\nmargin-bottom:10px;\n}\n.hr.av-8vp3n6-0fecc881dea3cfe61ddb5f8372614778 .hr-inner{\nwidth:50px;\nborder-color:#000000;\n}\n<\/style>\n<div  class='hr av-8vp3n6-0fecc881dea3cfe61ddb5f8372614778 hr-custom  avia-builder-el-2  el_after_av_heading  el_before_av_one_full  hr-left hr-icon-no'><span class='hr-inner inner-border-av-border-fat'><span class=\"hr-inner-style\"><\/span><\/span><\/div>\n\n<style type=\"text\/css\" data-created_by=\"avia_inline_auto\" id=\"style-css-av-8mq86q-be1b3deb5d957d1a9ee6eb8ad7dfe8f5\">\n.flex_column.av-8mq86q-be1b3deb5d957d1a9ee6eb8ad7dfe8f5{\nborder-radius:0px 0px 0px 0px;\npadding:0px 0px 0px 0px;\n}\n<\/style>\n<div  class='flex_column av-8mq86q-be1b3deb5d957d1a9ee6eb8ad7dfe8f5 av_one_full  avia-builder-el-3  el_after_av_hr  avia-builder-el-last  first flex_column_div av-zero-column-padding  '     ><p><section  class='av_textblock_section av-8ianl6-65d74fec2c6e9f9388d2186ba6ea505f '   itemscope=\"itemscope\" itemtype=\"https:\/\/schema.org\/CreativeWork\" ><div class='avia_textblock'  itemprop=\"text\" ><p>Indonesian Trade Promotion Center (ITPC) Hamburg Neuer Wall 2-6 20354 Hamburg Germany Email : info@itpchamburg.de ITPC Hamburg is part of the Ministry of Trade Republic Indonesia:\u00a0<a href=\"http:\/\/www.kemendag.go.id\/en\" target=\"_blank\" rel=\"nofollow noopener noreferrer\">http:\/\/www.kemendag.go.id\/en<\/a>\u00a0Disclaimer: This Website may contain links to external websites. We are not responsible for the content presented by external websites, which you use at your own risk. The providers of these external websites are solely responsible for the content presented by these websites. Pflichtangaben gem\u00e4\u00df \u00a755RStV, \u00a7 5 Abs. 1 Telemediengesetz (TMG) sowie nach \u00a7 2 Abs. 1 DL-InfoV Diese Website sowie die Unternehmensseiten unter: Facebook werden betrieben von ITPC Hamburg Glockengie\u00dferwall 17 20095 Hamburg Germany<\/p>\n<h4>Haftungshinweis:<\/h4>\n<p>Trotz sorgf\u00e4tiger inhaltlicher Kontrolle \u00fcbernehmen wir keine Haftung f\u00fcr die Inhalte externer Links. F\u00fcr den Inhalt der verlinkten Seiten sind ausschlie\u00dflich deren Betreiber verantwortlich.<\/p>\n<h4>Datenschutzerkl\u00e4rung:<\/h4>\n<p>Wir erheben, verwenden und speichern Ihre personenbezogenen Daten ausschlie\u00dflich im Rahmen der Bestimmungen des Bundesdatenschutzgesetzes der Bundesrepublik Deutschland. Nachfolgend unterrichten wir Sie \u00fcber Art, Umfang und Zweck der Datenerhebung und Verwendung.<\/p>\n<h4>Erhebung und Verarbeitung von Daten<\/h4>\n<p>Jeder Zugriff auf unsere Internetseite und jeder Abruf einer auf dieser Website hinterlegten Datei werden protokolliert. Die Speicherung dient internen systembezogenen und statistischen Zwecken. Protokolliert werden: Name der abgerufenen Datei, Datum und Uhrzeit des Abrufs, \u00fcbertragene Datenmenge, Meldung \u00fcber erfolgreichen Abruf, Webbrowser und anfragende Domain. Zus\u00e4tzlich werden die IP Adressen der anfragenden Rechner protokolliert. Weitergehende personenbezogene Daten werden nur erfasst, wenn der Nutzer der Website und\/oder Kunde Angaben freiwillig, etwa im Rahmen einer Anfrage oder Registrierung oder zum Abschluss eines Vertrages oder \u00fcber die Einstellungen seines Browsers t\u00e4tigt.<\/p>\n<h4>Cookies:<\/h4>\n<p>Unsere Internetseite verwendet Cookies. Ein Cookie ist eine Textdatei, die beim Besuch einer Internetseite verschickt und auf der Festplatte des Nutzer der Website und\/oder Kunden zwischengespeichert wird. Wird der entsprechende Server unserer Webseite erneut vom Nutzer der Website und\/oder Kunden aufgerufen, sendet der Browser des Nutzers der Wesbite und\/oder des Kunden den zuvor empfangenen Cookie wieder zur\u00fcck an den Server. Der Server kann dann die durch diese Prozedur erhaltenen Informationen auf verschiedene Arten auswerten. Durch Cookies k\u00f6nnen z. B. Werbeeinblendungen gesteuert oder das Navigieren auf einer Internetseite erleichtert werden. Wenn der Nutzer der Website und\/oder Kunde die Nutzung von Cookies unterbinden will, kann er dies durch lokale Vornahme der \u00c4nderungen seiner Einstellungen in dem auf seinem Computer verwendeten Internetbrowser, also dem Programm zum \u00d6ffnen und Anzeigen von Internetseiten (z.B. Internet Explorer, Mozilla Firefox, Opera oder Safari) tun.<\/p>\n<h4>Nutzung und Weitergabe personenbezogener Daten<\/h4>\n<p>Soweit der Nutzer unserer Webseite personenbezogene Daten zur Verf\u00fcgung gestellt hat, verwenden wir diese nur zur Beantwortung von Anfragen des Nutzers der Website und\/oder Kunden, zur Abwicklung mit dem Nutzer der Website und\/oder Kunden geschlossener Vertr\u00e4ge und f\u00fcr die technische Administration. Personenbezogene Daten werden von uns an Dritte nur weitergegeben oder sonst \u00fcbermittelt, wenn dies zum Zwecke der Vertragsabwicklung oder zu Abrechnungszwecken erforderlich ist oder der Nutzer der Website und\/oder Kunde zuvor eingewilligt hat. Der Nutzer der Website und\/oder Kunde hat das Recht, eine erteilte Einwilligung mit Wirkung f\u00fcr die Zukunft jederzeit zu widerrufen. Die L\u00f6schung der gespeicherten personenbezogenen Daten erfolgt, wenn der Nutzer der Website und\/oder Kunde die Einwilligung zur Speicherung widerruft, wenn ihre Kenntnis zur Erf\u00fcllung des mit der Speicherung verfolgten Zwecks nicht mehr erforderlich ist oder wenn ihre Speicherung aus sonstigen gesetzlichen Gr\u00fcnden unzul\u00e4ssig ist. Daten f\u00fcr Abrechnungszwecke und buchhalterische Zwecke werden von einem L\u00f6schungsverlangen nicht ber\u00fchrt. zwischen Ihnen und uns ein Vertragsverh\u00e4ltnis begr\u00fcndet, inhaltlich ausgestaltet oder ge\u00e4ndert werden soll, erheben und verwenden wir personenbezogene Daten von Ihnen, soweit dies zu diesen Zwecken erforderlich ist. Auf Anordnung der zust\u00e4ndigen Stellen d\u00fcrfen wir im Einzelfall Auskunft \u00fcber diese Daten (Bestandsdaten) erteilen, soweit dies f\u00fcr Zwecke der Strafverfolgung, zur Gefahrenabwehr, zur Erf\u00fcllung der gesetzlichen Aufgaben der Verfassungsschutzbeh\u00f6rden oder des Milit\u00e4rischen Abschirmdienstes oder zur Durchsetzung der Rechte am geistigen Eigentum erforderlich ist.<\/p>\n<h4>Auskunftsrecht<\/h4>\n<p>Auf schriftliche Anfrage informieren wir den Nutzer der Website und\/oder den Kunden \u00fcber die zu seiner Person gespeicherten Daten. Die Anfrage ist an unsere im Impressum der Webseite angegebene Adresse zu richten.<\/p>\n<h4>Verbraucher-Streitschlichtung<\/h4>\n<p>(Online-Streitbeilegung gem\u00e4\u00df Art.14 Abs.3 ODR-VO. 09.01.2016) Im Falle eines Streits bzgl. unserer Dienstleistungen k\u00f6nnen Sie sich an folgende Organisation wenden:\u00a0<a href=\"https:\/\/webgate.ec.europa.eu\/odr\/main\/index.cfm?event=main.home.chooseLanguage\" target=\"_blank\" rel=\"nofollow noopener noreferrer\">https:\/\/webgate.ec.europa.eu\/odr\/main\/index.cfm?event=main.home.chooseLanguage<\/a><\/p>\n<\/div><\/section><br \/>\n\n<style type=\"text\/css\" data-created_by=\"avia_inline_auto\" id=\"style-css-av-8bm0s2-ee157de45f19a67083189d85473406d5\">\n#top .hr.hr-invisible.av-8bm0s2-ee157de45f19a67083189d85473406d5{\nheight:30px;\n}\n<\/style>\n<div  class='hr av-8bm0s2-ee157de45f19a67083189d85473406d5 hr-invisible  avia-builder-el-5  el_after_av_textblock  avia-builder-el-last '><span class='hr-inner '><span class=\"hr-inner-style\"><\/span><\/span><\/div><\/p><\/div>\n","protected":false},"excerpt":{"rendered":"","protected":false},"author":1,"featured_media":0,"parent":0,"menu_order":0,"comment_status":"closed","ping_status":"closed","template":"","meta":{"_bbp_topic_count":0,"_bbp_reply_count":0,"_bbp_total_topic_count":0,"_bbp_total_reply_count":0,"_bbp_voice_count":0,"_bbp_anonymous_reply_count":0,"_bbp_topic_count_hidden":0,"_bbp_reply_count_hidden":0,"_bbp_forum_subforum_count":0,"footnotes":""},"class_list":["post-3176","page","type-page","status-publish","hentry"],"_links":{"self":[{"href":"https:\/\/itpchamburg.de\/index.php\/wp-json\/wp\/v2\/pages\/3176","targetHints":{"allow":["GET"]}}],"collection":[{"href":"https:\/\/itpchamburg.de\/index.php\/wp-json\/wp\/v2\/pages"}],"about":[{"href":"https:\/\/itpchamburg.de\/index.php\/wp-json\/wp\/v2\/types\/page"}],"author":[{"embeddable":true,"href":"https:\/\/itpchamburg.de\/index.php\/wp-json\/wp\/v2\/users\/1"}],"replies":[{"embeddable":true,"href":"https:\/\/itpchamburg.de\/index.php\/wp-json\/wp\/v2\/comments?post=3176"}],"version-history":[{"count":1,"href":"https:\/\/itpchamburg.de\/index.php\/wp-json\/wp\/v2\/pages\/3176\/revisions"}],"predecessor-version":[{"id":3177,"href":"https:\/\/itpchamburg.de\/index.php\/wp-json\/wp\/v2\/pages\/3176\/revisions\/3177"}],"wp:attachment":[{"href":"https:\/\/itpchamburg.de\/index.php\/wp-json\/wp\/v2\/media?parent=3176"}],"curies":[{"name":"wp","href":"https:\/\/api.w.org\/{rel}","templated":true}]}}